{"id":438,"date":"2014-07-01T23:30:01","date_gmt":"2014-07-01T21:30:01","guid":{"rendered":"http:\/\/akuthilfe-kinder-libanon.de\/wp\/?page_id=438"},"modified":"2015-02-23T20:20:56","modified_gmt":"2015-02-23T18:20:56","slug":"gesundheitssystem","status":"publish","type":"page","link":"https:\/\/akuthilfe-kinder-libanon.de\/wp\/gesundheitssystem\/","title":{"rendered":"Gesundheitssystem"},"content":{"rendered":"<p style=\"text-align: justify;\">D<span class=\"userContent\"><span class=\"text_exposed_show\">er Libanon verf\u00fcgt \u00fcber die <strong>besten Krankenh\u00e4user und \u00c4rzte<\/strong> in der Region des Nahen und Mittleren Ostens, doch gibt es gro\u00dfe Unterschiede zwischen dem \u00f6ffentlichen und dem privaten Sektor. Der <strong>private und nichtstaatliche Sektor<\/strong> im Gesundheitswesen ist der wichtigste medizinische Versorgungsfaktor des Libanons. <strong>90% der Krankenhausbetten sind in privater Hand.<\/strong> Die meisten \u00f6ffentlichen Gesundheitsdienste befinden sich in den gr\u00f6\u00dferen St\u00e4dten des Landes, das Zentrum des libanesischen Gesundheitssystems ist Beirut. <\/span><\/span>Ein Mediziner pro 270 Einwohner und der Zugang zu modernen, hoch entwickelten Technologien <strong>garantieren <span style=\"text-decoration: underline;\">theoretisch<\/span> eine schnelle und umfassende medizinische Versorgung<\/strong> mit guten Diagnosesystemen. <span class=\"_5yl5\" data-reactid=\".rb.$&lt;1404920540439=22448328439-670276365@mail=1projektitan=1com&gt;.2:0.0.0.0.0\"><span class=\"null\">Trotzdem leidet das libanesische Gesundheitssystem an einer unausgeglichenen Versorgung<\/span><\/span>, denn die Ausstattung und personelle Besetzung \u00f6ffentlicher Gesundheitseinrichtungen ist schlecht. <strong>Hinzu kommt, dass ein Teil der Bev\u00f6lkerung nicht oder nur teilweise krankenversichert ist.<\/strong> Wer es sich leisten kann, ist privat versichert. Weiterhin stellt das Gesundheitsministerium ein nationales medizinisches Versicherungsprogramm zur Verf\u00fcgung, das jenen, die seit mehr als zehn Jahren libanesische Staatsb\u00fcrger sind, 90% der Krankenhauskosten erstattet.<sup><a href=\"#footnotes\">(1)<\/a><\/sup><\/p>\n<p style=\"text-align: justify;\"><strong>Ohne ausreichenden Krankenversicherungsschutz und\/oder \u201eCash\u201c gibt es im Libanon keinen regul\u00e4ren Zugang zu medizinischer Versorgung.<\/strong> Wer also durch das System f\u00e4llt und selbst nicht \u00fcber ausreichend finanzielle Mittel verf\u00fcgt, ist <strong>darauf angewiesen<\/strong>, dass sich Familie und Bekannte sowie nationale oder internationale <strong>(Hilfs-)Organisationen<\/strong> verantwortlich f\u00fchlen. <strong>Insbesondere<\/strong> die derzeit \u00fcber eine Millionen syrischen <strong>Fl\u00fcchtlinge<\/strong> sowie die aus Syrien stammenden Pal\u00e4stinenser <strong>haben massive Probleme, (lebens-)notwendige medizinische Versorgung zu erhalten<\/strong>.<\/p>\n<p style=\"text-align: justify;\"><span style=\"color: #000000;\"><a href=\"http:\/\/www.amnesty.org\/en\/library\/asset\/MDE18\/001\/2014\/en\/5561a603-b0ed-4eda-8041-6eafd2d8e3fc\/mde180012014en.pdf\" target=\"_blank\"><span style=\"color: #000000;\"><span style=\"color: #800000;\"><span lang=\"de-DE\">E<\/span><\/span><span style=\"color: #800000;\"><span lang=\"de-DE\">in neuer Bericht von Amnesty International<\/span><\/span><\/span><\/a> <span lang=\"de-DE\">(Mai 2014) dokumentiert die Situation syrischer Fl\u00fcchtlinge im Libanon ohne Zugang zu grundlegender medizinischer Versorgung.<\/span><\/span><\/p>\n<p><a name=\"footnotes\"><\/a><\/p>\n<pre style=\"text-align: justify;\">----------\r\n(1)<a href=\"http:\/\/www.bamf.de\/SharedDocs\/MILo-DB\/DE\/Rueckkehrfoerderung\/Laenderinformationen\/Informationsblaetter\/cfs_libanon-dl_de.pdf?__blob=publicationFile\" target=\"_blank\">Bundesamt f\u00fcr Migration und Fl\u00fcchtlinge, L\u00e4nderinformationsblatt Libanon, August 2013<\/a><\/pre>\n","protected":false},"excerpt":{"rendered":"<p>Der Libanon verf\u00fcgt \u00fcber die besten Krankenh\u00e4user und \u00c4rzte in der Region des Nahen und Mittleren Ostens, doch gibt es gro\u00dfe Unterschiede zwischen dem \u00f6ffentlichen und dem privaten Sektor. Der private und nichtstaatliche Sektor im Gesundheitswesen ist der wichtigste medizinische Versorgungsfaktor des Libanons. 90% der Krankenhausbetten sind in privater Hand. Die meisten \u00f6ffentlichen Gesundheitsdienste befinden &hellip; <a href=\"https:\/\/akuthilfe-kinder-libanon.de\/wp\/gesundheitssystem\/\" class=\"more-link\"><span class=\"screen-reader-text\">Gesundheitssystem<\/span> weiterlesen <span class=\"meta-nav\">&rarr;<\/span><\/a><\/p>\n","protected":false},"author":2,"featured_media":0,"parent":0,"menu_order":0,"comment_status":"closed","ping_status":"closed","template":"","meta":{"footnotes":""},"class_list":["post-438","page","type-page","status-publish","hentry"],"_links":{"self":[{"href":"https:\/\/akuthilfe-kinder-libanon.de\/wp\/wp-json\/wp\/v2\/pages\/438","targetHints":{"allow":["GET"]}}],"collection":[{"href":"https:\/\/akuthilfe-kinder-libanon.de\/wp\/wp-json\/wp\/v2\/pages"}],"about":[{"href":"https:\/\/akuthilfe-kinder-libanon.de\/wp\/wp-json\/wp\/v2\/types\/page"}],"author":[{"embeddable":true,"href":"https:\/\/akuthilfe-kinder-libanon.de\/wp\/wp-json\/wp\/v2\/users\/2"}],"replies":[{"embeddable":true,"href":"https:\/\/akuthilfe-kinder-libanon.de\/wp\/wp-json\/wp\/v2\/comments?post=438"}],"version-history":[{"count":22,"href":"https:\/\/akuthilfe-kinder-libanon.de\/wp\/wp-json\/wp\/v2\/pages\/438\/revisions"}],"predecessor-version":[{"id":1372,"href":"https:\/\/akuthilfe-kinder-libanon.de\/wp\/wp-json\/wp\/v2\/pages\/438\/revisions\/1372"}],"wp:attachment":[{"href":"https:\/\/akuthilfe-kinder-libanon.de\/wp\/wp-json\/wp\/v2\/media?parent=438"}],"curies":[{"name":"wp","href":"https:\/\/api.w.org\/{rel}","templated":true}]}}